{"id":12,"date":"2013-05-22T08:15:23","date_gmt":"2013-05-22T08:15:23","guid":{"rendered":"http:\/\/emtools.ro\/blog\/?page_id=12"},"modified":"2013-06-19T09:54:43","modified_gmt":"2013-06-19T06:54:43","slug":"emt","status":"publish","type":"page","link":"https:\/\/emtools.ro\/blog\/emt\/","title":{"rendered":"Despre EMT"},"content":{"rendered":"<p style=\"text-align: justify;\"><strong>E<\/strong>xpert\u00a0<strong>M<\/strong>oldova\u00a0<strong>T<\/strong>rading este prezent pe pia\u021ba din Rom\u00e2nia \u00eenc\u0103 de la \u00eenceputul anilor `90, oferind clien\u021bilor s\u0103i unelte \u0219i scule, utilaje \u0219i echipamente profesionale moderne, proiectate \u0219i fabricate dup\u0103 cele mai \u00eenalte standarde ale calit\u0103\u021bii.<\/p>\n<p style=\"text-align: justify;\">Ca distribuitor autorizat \u0219i importator al unor produse de marc\u0103, Expert Moldova Trading a reu\u0219it s\u0103 dezvolte \u0219i s\u0103 men\u021bin\u0103 un portofoliu important de clien\u021bi. Aceast\u0103 dezvoltare a fost posibil\u0103 at\u00e2t datorit\u0103 calit\u0103\u021bii produselor, c\u00e2t \u0219i activit\u0103\u021bii de consultan\u021b\u0103 tehnic\u0103 \u0219i de service realizate de c\u0103tre angaja\u021bi.<\/p>\n<ul>\n<li>Importatori utilaje\u00a0prelucrare lemn:\u00a0<strong>BERNARDO<\/strong><\/li>\n<li>Importatori\u00a0utilaje\u00a0prelucrare metale:\u00a0<strong>BERNARDO<\/strong><\/li>\n<li>Importatori utilaje prelucrare PVC si Aluminiu:\u00a0<strong>ATLAS MAKINA<\/strong><\/li>\n<li>Importatori echipamente de irigatii si vermorele:\u00a0<strong>DAL DEGAN<\/strong><\/li>\n<li>Importatori utilaje pentru vinificatie, apicultura, zootehnie:\u00a0<strong>TABEC<\/strong><\/li>\n<li>Moto si electroferastraie:\u00a0<strong>STIHL\u00a0<\/strong><\/li>\n<li>Utilaje gradinarit si ingrijit spatii verzi:\u00a0<strong>STIHL\u00a0<\/strong><\/li>\n<li>Scule electrice si accesorii:\u00a0<strong>DeWALT,\u00a0MAKITA,\u00a0METABO\u00a0<\/strong><\/li>\n<li>Scule instalatori:\u00a0<strong>ROTHENBERG,\u00a0REMS\u00a0<\/strong><\/li>\n<li>Scule de mana:\u00a0<strong>UNIOR,\u00a0IUS\u00a0<\/strong><\/li>\n<li>Sudura:\u00a0<strong>AGT,\u00a0TELWIN\u00a0<\/strong><\/li>\n<li>Generatoare de curent si sudura:\u00a0<strong>AGT\u00a0<\/strong><\/li>\n<li>Echipamente profesionale de curatenie:\u00a0<strong>KARCHER\u00a0<\/strong><\/li>\n<li>Utilaje constructii:\u00a0<strong>AGT<\/strong><\/li>\n<\/ul>\n","protected":false},"excerpt":{"rendered":"<p>Expert\u00a0Moldova\u00a0Trading este prezent pe pia\u021ba din Rom\u00e2nia \u00eenc\u0103 de la \u00eenceputul anilor `90, oferind clien\u021bilor s\u0103i unelte \u0219i scule, utilaje \u0219i echipamente profesionale moderne, proiectate \u0219i fabricate dup\u0103 cele mai \u00eenalte standarde ale calit\u0103\u021bii. Ca distribuitor autorizat \u0219i importator al unor produse de marc\u0103, Expert Moldova Trading a reu\u0219it s\u0103 dezvolte \u0219i s\u0103 men\u021bin\u0103 un [&hellip;]<\/p>\n","protected":false},"author":6,"featured_media":0,"parent":0,"menu_order":0,"comment_status":"open","ping_status":"open","template":"","meta":{"footnotes":""},"class_list":["post-12","page","type-page","status-publish","hentry"],"yoast_head":"<!-- This site is optimized with the Yoast SEO plugin v26.9 - https:\/\/yoast.com\/product\/yoast-seo-wordpress\/ -->\n<title>Despre EMT - blog emtools.ro<\/title>\n<meta name=\"robots\" content=\"index, follow, max-snippet:-1, max-image-preview:large, max-video-preview:-1\" \/>\n<link rel=\"canonical\" href=\"http:\/\/emtools.ro\/blog\/emt\/\" \/>\n<meta property=\"og:locale\" content=\"en_US\" \/>\n<meta property=\"og:type\" content=\"article\" \/>\n<meta property=\"og:title\" content=\"Despre EMT - blog emtools.ro\" \/>\n<meta property=\"og:description\" content=\"Expert\u00a0Moldova\u00a0Trading este prezent pe pia\u021ba din Rom\u00e2nia \u00eenc\u0103 de la \u00eenceputul anilor `90, oferind clien\u021bilor s\u0103i unelte \u0219i scule, utilaje \u0219i echipamente profesionale moderne, proiectate \u0219i fabricate dup\u0103 cele mai \u00eenalte standarde ale calit\u0103\u021bii. Ca distribuitor autorizat \u0219i importator al unor produse de marc\u0103, Expert Moldova Trading a reu\u0219it s\u0103 dezvolte \u0219i s\u0103 men\u021bin\u0103 un [&hellip;]\" \/>\n<meta property=\"og:url\" content=\"http:\/\/emtools.ro\/blog\/emt\/\" \/>\n<meta property=\"og:site_name\" content=\"blog emtools.ro\" \/>\n<meta property=\"article:publisher\" content=\"https:\/\/www.facebook.com\/EMTools\" \/>\n<meta property=\"article:modified_time\" content=\"2013-06-19T06:54:43+00:00\" \/>\n<meta name=\"twitter:label1\" content=\"Est. reading time\" \/>\n\t<meta name=\"twitter:data1\" content=\"1 minute\" \/>\n<script type=\"application\/ld+json\" class=\"yoast-schema-graph\">{\"@context\":\"https:\/\/schema.org\",\"@graph\":[{\"@type\":\"WebPage\",\"@id\":\"http:\/\/emtools.ro\/blog\/emt\/\",\"url\":\"http:\/\/emtools.ro\/blog\/emt\/\",\"name\":\"Despre EMT - blog emtools.ro\",\"isPartOf\":{\"@id\":\"https:\/\/emtools.ro\/blog\/#website\"},\"datePublished\":\"2013-05-22T08:15:23+00:00\",\"dateModified\":\"2013-06-19T06:54:43+00:00\",\"inLanguage\":\"en-US\",\"potentialAction\":[{\"@type\":\"ReadAction\",\"target\":[\"http:\/\/emtools.ro\/blog\/emt\/\"]}]},{\"@type\":\"WebSite\",\"@id\":\"https:\/\/emtools.ro\/blog\/#website\",\"url\":\"https:\/\/emtools.ro\/blog\/\",\"name\":\"blog emtools.ro\",\"description\":\"Expert Moldova Trading ofera o gama diversa de scule, utilaje si echipamente profesionale moderne, proiectate si fabricate dupa cele mai inalte standarde ale calitatii.\",\"potentialAction\":[{\"@type\":\"SearchAction\",\"target\":{\"@type\":\"EntryPoint\",\"urlTemplate\":\"https:\/\/emtools.ro\/blog\/?s={search_term_string}\"},\"query-input\":{\"@type\":\"PropertyValueSpecification\",\"valueRequired\":true,\"valueName\":\"search_term_string\"}}],\"inLanguage\":\"en-US\"}]}<\/script>\n<!-- \/ Yoast SEO plugin. -->","yoast_head_json":{"title":"Despre EMT - blog emtools.ro","robots":{"index":"index","follow":"follow","max-snippet":"max-snippet:-1","max-image-preview":"max-image-preview:large","max-video-preview":"max-video-preview:-1"},"canonical":"http:\/\/emtools.ro\/blog\/emt\/","og_locale":"en_US","og_type":"article","og_title":"Despre EMT - blog emtools.ro","og_description":"Expert\u00a0Moldova\u00a0Trading este prezent pe pia\u021ba din Rom\u00e2nia \u00eenc\u0103 de la \u00eenceputul anilor `90, oferind clien\u021bilor s\u0103i unelte \u0219i scule, utilaje \u0219i echipamente profesionale moderne, proiectate \u0219i fabricate dup\u0103 cele mai \u00eenalte standarde ale calit\u0103\u021bii. Ca distribuitor autorizat \u0219i importator al unor produse de marc\u0103, Expert Moldova Trading a reu\u0219it s\u0103 dezvolte \u0219i s\u0103 men\u021bin\u0103 un [&hellip;]","og_url":"http:\/\/emtools.ro\/blog\/emt\/","og_site_name":"blog emtools.ro","article_publisher":"https:\/\/www.facebook.com\/EMTools","article_modified_time":"2013-06-19T06:54:43+00:00","twitter_misc":{"Est. reading time":"1 minute"},"schema":{"@context":"https:\/\/schema.org","@graph":[{"@type":"WebPage","@id":"http:\/\/emtools.ro\/blog\/emt\/","url":"http:\/\/emtools.ro\/blog\/emt\/","name":"Despre EMT - blog emtools.ro","isPartOf":{"@id":"https:\/\/emtools.ro\/blog\/#website"},"datePublished":"2013-05-22T08:15:23+00:00","dateModified":"2013-06-19T06:54:43+00:00","inLanguage":"en-US","potentialAction":[{"@type":"ReadAction","target":["http:\/\/emtools.ro\/blog\/emt\/"]}]},{"@type":"WebSite","@id":"https:\/\/emtools.ro\/blog\/#website","url":"https:\/\/emtools.ro\/blog\/","name":"blog emtools.ro","description":"Expert Moldova Trading ofera o gama diversa de scule, utilaje si echipamente profesionale moderne, proiectate si fabricate dupa cele mai inalte standarde ale calitatii.","potentialAction":[{"@type":"SearchAction","target":{"@type":"EntryPoint","urlTemplate":"https:\/\/emtools.ro\/blog\/?s={search_term_string}"},"query-input":{"@type":"PropertyValueSpecification","valueRequired":true,"valueName":"search_term_string"}}],"inLanguage":"en-US"}]}},"_links":{"self":[{"href":"https:\/\/emtools.ro\/blog\/wp-json\/wp\/v2\/pages\/12","targetHints":{"allow":["GET"]}}],"collection":[{"href":"https:\/\/emtools.ro\/blog\/wp-json\/wp\/v2\/pages"}],"about":[{"href":"https:\/\/emtools.ro\/blog\/wp-json\/wp\/v2\/types\/page"}],"author":[{"embeddable":true,"href":"https:\/\/emtools.ro\/blog\/wp-json\/wp\/v2\/users\/6"}],"replies":[{"embeddable":true,"href":"https:\/\/emtools.ro\/blog\/wp-json\/wp\/v2\/comments?post=12"}],"version-history":[{"count":6,"href":"https:\/\/emtools.ro\/blog\/wp-json\/wp\/v2\/pages\/12\/revisions"}],"predecessor-version":[{"id":232,"href":"https:\/\/emtools.ro\/blog\/wp-json\/wp\/v2\/pages\/12\/revisions\/232"}],"wp:attachment":[{"href":"https:\/\/emtools.ro\/blog\/wp-json\/wp\/v2\/media?parent=12"}],"curies":[{"name":"wp","href":"https:\/\/api.w.org\/{rel}","templated":true}]}}